{"id":18834,"date":"2024-03-08T18:14:45","date_gmt":"2024-03-08T18:14:45","guid":{"rendered":"https:\/\/www.yurtrack.com\/?post_type=product&#038;p=18834"},"modified":"2025-04-12T12:52:34","modified_gmt":"2025-04-12T12:52:34","slug":"max300-przyczepa-centralnoosiowa","status":"publish","type":"product","link":"https:\/\/www.yurtrack.com\/pl\/pojazdy-nowe-i-uzywane\/max300-przyczepa-centralnoosiowa\/","title":{"rendered":"MAX300 \u2013 przyczepa centralnoosiowa"},"content":{"rendered":"\t\t<div data-elementor-type=\"wp-post\" data-elementor-id=\"18834\" class=\"elementor elementor-18834 elementor-16626\" data-elementor-post-type=\"product\">\n\t\t\t\t\t\t<section class=\"elementor-section elementor-top-section elementor-element elementor-element-79752fbe wd-section-stretch-content elementor-section-content-top elementor-section-boxed elementor-section-height-default elementor-section-height-default\" data-id=\"79752fbe\" data-element_type=\"section\" data-settings=\"{&quot;background_background&quot;:&quot;classic&quot;}\">\n\t\t\t\t\t\t<div class=\"elementor-container elementor-column-gap-extended\">\n\t\t\t\t\t<div class=\"elementor-column elementor-col-100 elementor-top-column elementor-element elementor-element-2af8c87b\" data-id=\"2af8c87b\" data-element_type=\"column\">\n\t\t\t<div class=\"elementor-widget-wrap elementor-element-populated\">\n\t\t\t\t\t\t<div class=\"elementor-element elementor-element-78cc366f elementor-widget elementor-widget-wd_title\" data-id=\"78cc366f\" data-element_type=\"widget\" data-widget_type=\"wd_title.default\">\n\t\t\t\t<div class=\"elementor-widget-container\">\n\t\t\t\t\t\t\t<div class=\"title-wrapper set-mb-s reset-last-child wd-title-color-primary wd-title-style-underlined wd-title-size-default text-center\">\n\n\t\t\t\n\t\t\t<div class=\"liner-continer\">\n\t\t\t\t<h4 class=\"woodmart-title-container title wd-fontsize-l\">Opis \u2013 przyczepa centralnoosiowa \u2013 MAX300<\/h4> \n\t\t\t\t\t\t\t<\/div>\n\n\t\t\t\t\t<\/div>\n\t\t\t\t\t\t<\/div>\n\t\t\t\t<\/div>\n\t\t\t\t\t<\/div>\n\t\t<\/div>\n\t\t\t\t\t<\/div>\n\t\t<\/section>\n\t\t\t\t<section class=\"elementor-section elementor-top-section elementor-element elementor-element-840cbb1 wd-section-stretch elementor-section-content-top elementor-section-boxed elementor-section-height-default elementor-section-height-default\" data-id=\"840cbb1\" data-element_type=\"section\" data-settings=\"{&quot;background_background&quot;:&quot;classic&quot;}\">\n\t\t\t\t\t\t<div class=\"elementor-container elementor-column-gap-extended\">\n\t\t\t\t\t<div class=\"elementor-column elementor-col-50 elementor-top-column elementor-element elementor-element-5972404\" data-id=\"5972404\" data-element_type=\"column\">\n\t\t\t<div class=\"elementor-widget-wrap elementor-element-populated\">\n\t\t\t\t\t\t<div class=\"elementor-element elementor-element-c72283d elementor-position-left elementor-vertical-align-middle elementor-widget elementor-widget-image-box\" data-id=\"c72283d\" data-element_type=\"widget\" data-widget_type=\"image-box.default\">\n\t\t\t\t<div class=\"elementor-widget-container\">\n\t\t\t\t\t<div class=\"elementor-image-box-wrapper\"><figure class=\"elementor-image-box-img\"><img fetchpriority=\"high\" decoding=\"async\" width=\"592\" height=\"400\" src=\"https:\/\/www.yurtrack.com\/wp-content\/uploads\/2024\/03\/MAX-300-N-3-7.jpg\" class=\"attachment-full size-full wp-image-16639\" alt=\"\" srcset=\"https:\/\/www.yurtrack.com\/wp-content\/uploads\/2024\/03\/MAX-300-N-3-7.jpg 592w, https:\/\/www.yurtrack.com\/wp-content\/uploads\/2024\/03\/MAX-300-N-3-7-400x270.jpg 400w, https:\/\/www.yurtrack.com\/wp-content\/uploads\/2024\/03\/MAX-300-N-3-7-150x101.jpg 150w\" sizes=\"(max-width: 592px) 100vw, 592px\" \/><\/figure><div class=\"elementor-image-box-content\"><p class=\"elementor-image-box-description\"><b>Niska wysoko\u015b\u0107 konstrukcji<\/b>\nz oponami 17,5\" umo\u017cliwia transport ci\u0119\u017cszych \u0142adunk\u00f3w.<\/p><\/div><\/div>\t\t\t\t<\/div>\n\t\t\t\t<\/div>\n\t\t\t\t<div class=\"elementor-element elementor-element-79abeb1 elementor-position-left elementor-vertical-align-middle elementor-widget elementor-widget-image-box\" data-id=\"79abeb1\" data-element_type=\"widget\" data-widget_type=\"image-box.default\">\n\t\t\t\t<div class=\"elementor-widget-container\">\n\t\t\t\t\t<div class=\"elementor-image-box-wrapper\"><figure class=\"elementor-image-box-img\"><img decoding=\"async\" width=\"592\" height=\"400\" src=\"https:\/\/www.yurtrack.com\/wp-content\/uploads\/2024\/03\/MAX100-110_Detail_Verzurrring-10t_0.jpg\" class=\"attachment-full size-full wp-image-16641\" alt=\"\" srcset=\"https:\/\/www.yurtrack.com\/wp-content\/uploads\/2024\/03\/MAX100-110_Detail_Verzurrring-10t_0.jpg 592w, https:\/\/www.yurtrack.com\/wp-content\/uploads\/2024\/03\/MAX100-110_Detail_Verzurrring-10t_0-400x270.jpg 400w, https:\/\/www.yurtrack.com\/wp-content\/uploads\/2024\/03\/MAX100-110_Detail_Verzurrring-10t_0-150x101.jpg 150w\" sizes=\"(max-width: 592px) 100vw, 592px\" \/><\/figure><div class=\"elementor-image-box-content\"><p class=\"elementor-image-box-description\"><b>Pier\u015bcienie mocuj\u0105ce<\/b>\nzapewni\u0107 optymalne bezpiecze\u0144stwo \u0142adunku. Platforma \u0142adunkowa zawiera kilka pier\u015bcieni mocuj\u0105cych, kt\u00f3re mo\u017cna z\u0142o\u017cy\u0107 do wewn\u0105trz i na zewn\u0105trz.<\/p><\/div><\/div>\t\t\t\t<\/div>\n\t\t\t\t<\/div>\n\t\t\t\t\t<\/div>\n\t\t<\/div>\n\t\t\t\t<div class=\"elementor-column elementor-col-50 elementor-top-column elementor-element elementor-element-7e2cd38\" data-id=\"7e2cd38\" data-element_type=\"column\">\n\t\t\t<div class=\"elementor-widget-wrap elementor-element-populated\">\n\t\t\t\t\t\t<div class=\"elementor-element elementor-element-3fb2066 elementor-position-left elementor-vertical-align-middle elementor-widget elementor-widget-image-box\" data-id=\"3fb2066\" data-element_type=\"widget\" data-widget_type=\"image-box.default\">\n\t\t\t\t<div class=\"elementor-widget-container\">\n\t\t\t\t\t<div class=\"elementor-image-box-wrapper\"><figure class=\"elementor-image-box-img\"><img decoding=\"async\" width=\"592\" height=\"400\" src=\"https:\/\/www.yurtrack.com\/wp-content\/uploads\/2024\/03\/MAX300_Detail_Rampen-3.jpg\" class=\"attachment-full size-full wp-image-16642\" alt=\"\" srcset=\"https:\/\/www.yurtrack.com\/wp-content\/uploads\/2024\/03\/MAX300_Detail_Rampen-3.jpg 592w, https:\/\/www.yurtrack.com\/wp-content\/uploads\/2024\/03\/MAX300_Detail_Rampen-3-400x270.jpg 400w, https:\/\/www.yurtrack.com\/wp-content\/uploads\/2024\/03\/MAX300_Detail_Rampen-3-150x101.jpg 150w\" sizes=\"(max-width: 592px) 100vw, 592px\" \/><\/figure><div class=\"elementor-image-box-content\"><p class=\"elementor-image-box-description\"><b>Pojedyncze i podw\u00f3jne rampy<\/b>\nzapewni\u0107 Pa\u0144stwu \u0142atwy dost\u0119p do maszyn.<\/p><\/div><\/div>\t\t\t\t<\/div>\n\t\t\t\t<\/div>\n\t\t\t\t<div class=\"elementor-element elementor-element-8900920 elementor-position-left elementor-vertical-align-middle elementor-widget elementor-widget-image-box\" data-id=\"8900920\" data-element_type=\"widget\" data-widget_type=\"image-box.default\">\n\t\t\t\t<div class=\"elementor-widget-container\">\n\t\t\t\t\t<div class=\"elementor-image-box-wrapper\"><figure class=\"elementor-image-box-img\"><img loading=\"lazy\" decoding=\"async\" width=\"592\" height=\"400\" src=\"https:\/\/www.yurtrack.com\/wp-content\/uploads\/2024\/03\/MAX300-N-3-7.50-U_Detail_Deichsel.jpg\" class=\"attachment-full size-full wp-image-16640\" alt=\"\" srcset=\"https:\/\/www.yurtrack.com\/wp-content\/uploads\/2024\/03\/MAX300-N-3-7.50-U_Detail_Deichsel.jpg 592w, https:\/\/www.yurtrack.com\/wp-content\/uploads\/2024\/03\/MAX300-N-3-7.50-U_Detail_Deichsel-400x270.jpg 400w, https:\/\/www.yurtrack.com\/wp-content\/uploads\/2024\/03\/MAX300-N-3-7.50-U_Detail_Deichsel-150x101.jpg 150w\" sizes=\"(max-width: 592px) 100vw, 592px\" \/><\/figure><div class=\"elementor-image-box-content\"><p class=\"elementor-image-box-description\"><b>Dyszel o d\u0142ugo\u015bci 1750 mm<\/b>\nz uchem holowniczym dost\u0119pnym w r\u00f3\u017cnych \u015brednicach: 50 mm, 57 mm lub 68 mm.<\/p><\/div><\/div>\t\t\t\t<\/div>\n\t\t\t\t<\/div>\n\t\t\t\t\t<\/div>\n\t\t<\/div>\n\t\t\t\t\t<\/div>\n\t\t<\/section>\n\t\t\t\t<section class=\"elementor-section elementor-top-section elementor-element elementor-element-963cabd elementor-section-content-top elementor-section-boxed elementor-section-height-default elementor-section-height-default wd-section-disabled\" data-id=\"963cabd\" data-element_type=\"section\">\n\t\t\t\t\t\t<div class=\"elementor-container elementor-column-gap-extended\">\n\t\t\t\t\t<div class=\"elementor-column elementor-col-66 elementor-top-column elementor-element elementor-element-7f55d2ea\" data-id=\"7f55d2ea\" data-element_type=\"column\">\n\t\t\t<div class=\"elementor-widget-wrap elementor-element-populated\">\n\t\t\t\t\t\t<div class=\"elementor-element elementor-element-c771564 elementor-widget elementor-widget-wd_title\" data-id=\"c771564\" data-element_type=\"widget\" data-widget_type=\"wd_title.default\">\n\t\t\t\t<div class=\"elementor-widget-container\">\n\t\t\t\t\t\t\t<div class=\"title-wrapper set-mb-s reset-last-child wd-title-color-primary wd-title-style-underlined wd-title-size-default text-left\">\n\n\t\t\t\n\t\t\t<div class=\"liner-continer\">\n\t\t\t\t<h4 class=\"woodmart-title-container title wd-fontsize-l\">MAX300 <\/h4> \n\t\t\t\t\t\t\t<\/div>\n\n\t\t\t\t\t<\/div>\n\t\t\t\t\t\t<\/div>\n\t\t\t\t<\/div>\n\t\t\t\t<div class=\"elementor-element elementor-element-e6db899 elementor-widget elementor-widget-wd_image_or_svg\" data-id=\"e6db899\" data-element_type=\"widget\" data-widget_type=\"wd_image_or_svg.default\">\n\t\t\t\t<div class=\"elementor-widget-container\">\n\t\t\t\t\t\n\t\t<div class=\"wd-image text-left\">\n\t\t\t\t\t\t\t\t<img loading=\"lazy\" decoding=\"async\" width=\"1280\" height=\"720\" src=\"https:\/\/www.yurtrack.com\/wp-content\/uploads\/2024\/03\/max300-7.jpg\" class=\"attachment-full size-full\" alt=\"\" srcset=\"https:\/\/www.yurtrack.com\/wp-content\/uploads\/2024\/03\/max300-7.jpg 1280w, https:\/\/www.yurtrack.com\/wp-content\/uploads\/2024\/03\/max300-7-400x225.jpg 400w, https:\/\/www.yurtrack.com\/wp-content\/uploads\/2024\/03\/max300-7-768x432.jpg 768w, https:\/\/www.yurtrack.com\/wp-content\/uploads\/2024\/03\/max300-7-700x394.jpg 700w, https:\/\/www.yurtrack.com\/wp-content\/uploads\/2024\/03\/max300-7-150x84.jpg 150w\" sizes=\"(max-width: 1280px) 100vw, 1280px\" \/>\t\t\t\t\t<\/div>\n\n\t\t\t\t\t\t<\/div>\n\t\t\t\t<\/div>\n\t\t\t\t<div class=\"elementor-element elementor-element-ec3c72f elementor-widget elementor-widget-wd_image_or_svg\" data-id=\"ec3c72f\" data-element_type=\"widget\" data-widget_type=\"wd_image_or_svg.default\">\n\t\t\t\t<div class=\"elementor-widget-container\">\n\t\t\t\t\t\n\t\t<div class=\"wd-image text-left\">\n\t\t\t\t\t\t\t\t<img loading=\"lazy\" decoding=\"async\" width=\"1280\" height=\"627\" src=\"https:\/\/www.yurtrack.com\/wp-content\/uploads\/2024\/03\/max300-8.jpg\" class=\"attachment-full size-full\" alt=\"\" srcset=\"https:\/\/www.yurtrack.com\/wp-content\/uploads\/2024\/03\/max300-8.jpg 1280w, https:\/\/www.yurtrack.com\/wp-content\/uploads\/2024\/03\/max300-8-400x196.jpg 400w, https:\/\/www.yurtrack.com\/wp-content\/uploads\/2024\/03\/max300-8-768x376.jpg 768w, https:\/\/www.yurtrack.com\/wp-content\/uploads\/2024\/03\/max300-8-700x343.jpg 700w, https:\/\/www.yurtrack.com\/wp-content\/uploads\/2024\/03\/max300-8-150x73.jpg 150w\" sizes=\"(max-width: 1280px) 100vw, 1280px\" \/>\t\t\t\t\t<\/div>\n\n\t\t\t\t\t\t<\/div>\n\t\t\t\t<\/div>\n\t\t\t\t<div class=\"elementor-element elementor-element-273029b elementor-widget elementor-widget-wd_image_or_svg\" data-id=\"273029b\" data-element_type=\"widget\" data-widget_type=\"wd_image_or_svg.default\">\n\t\t\t\t<div class=\"elementor-widget-container\">\n\t\t\t\t\t\n\t\t<div class=\"wd-image text-left\">\n\t\t\t\t\t\t\t\t<img loading=\"lazy\" decoding=\"async\" width=\"1280\" height=\"805\" src=\"https:\/\/www.yurtrack.com\/wp-content\/uploads\/2024\/03\/max300-2.jpg\" class=\"attachment-full size-full\" alt=\"\" srcset=\"https:\/\/www.yurtrack.com\/wp-content\/uploads\/2024\/03\/max300-2.jpg 1280w, https:\/\/www.yurtrack.com\/wp-content\/uploads\/2024\/03\/max300-2-400x252.jpg 400w, https:\/\/www.yurtrack.com\/wp-content\/uploads\/2024\/03\/max300-2-1272x800.jpg 1272w, https:\/\/www.yurtrack.com\/wp-content\/uploads\/2024\/03\/max300-2-768x483.jpg 768w, https:\/\/www.yurtrack.com\/wp-content\/uploads\/2024\/03\/max300-2-700x440.jpg 700w, https:\/\/www.yurtrack.com\/wp-content\/uploads\/2024\/03\/max300-2-150x94.jpg 150w\" sizes=\"(max-width: 1280px) 100vw, 1280px\" \/>\t\t\t\t\t<\/div>\n\n\t\t\t\t\t\t<\/div>\n\t\t\t\t<\/div>\n\t\t\t\t<div class=\"elementor-element elementor-element-2201e3a elementor-widget elementor-widget-wd_title\" data-id=\"2201e3a\" data-element_type=\"widget\" data-widget_type=\"wd_title.default\">\n\t\t\t\t<div class=\"elementor-widget-container\">\n\t\t\t\t\t\t\t<div class=\"title-wrapper set-mb-s reset-last-child wd-title-color-primary wd-title-style-underlined wd-title-size-default text-left\">\n\n\t\t\t\n\t\t\t<div class=\"liner-continer\">\n\t\t\t\t<h4 class=\"woodmart-title-container title wd-fontsize-l\">Zobacz nasze naczepy w akcji!<\/h4> \n\t\t\t\t\t\t\t<\/div>\n\n\t\t\t\t\t<\/div>\n\t\t\t\t\t\t<\/div>\n\t\t\t\t<\/div>\n\t\t\t\t\t<\/div>\n\t\t<\/div>\n\t\t\t\t<div class=\"elementor-column elementor-col-33 elementor-top-column elementor-element elementor-element-6bb50aba wd-elementor-sticky-column elementor-hidden-phone elementor-hidden-tablet wd_sticky_offset_120\" data-id=\"6bb50aba\" data-element_type=\"column\" data-settings=\"{&quot;background_background&quot;:&quot;classic&quot;}\">\n\t\t\t<div class=\"elementor-widget-wrap elementor-element-populated\">\n\t\t\t\t\t\t<div class=\"elementor-element elementor-element-4b2e5c9 elementor-widget elementor-widget-shortcode\" data-id=\"4b2e5c9\" data-element_type=\"widget\" data-widget_type=\"shortcode.default\">\n\t\t\t\t<div class=\"elementor-widget-container\">\n\t\t\t\t\t\t\t<div class=\"elementor-shortcode\">\t\t\t<link rel=\"stylesheet\" id=\"elementor-post-18747-css\" href=\"https:\/\/www.yurtrack.com\/wp-content\/uploads\/elementor\/css\/post-18747.css?ver=1750954361\" type=\"text\/css\" media=\"all\">\n\t\t\t\t\t<div data-elementor-type=\"wp-post\" data-elementor-id=\"18747\" class=\"elementor elementor-18747 elementor-4452\" data-elementor-post-type=\"cms_block\">\n\t\t\t\t\t\t<section class=\"elementor-section elementor-top-section elementor-element elementor-element-27bd689 elementor-section-boxed elementor-section-height-default elementor-section-height-default wd-section-disabled\" data-id=\"27bd689\" data-element_type=\"section\">\n\t\t\t\t\t\t<div class=\"elementor-container elementor-column-gap-default\">\n\t\t\t\t\t<div class=\"elementor-column elementor-col-100 elementor-top-column elementor-element elementor-element-c90e557 elementor-hidden-phone elementor-hidden-tablet\" data-id=\"c90e557\" data-element_type=\"column\" data-settings=\"{&quot;background_background&quot;:&quot;classic&quot;}\">\n\t\t\t<div class=\"elementor-widget-wrap elementor-element-populated\">\n\t\t\t\t\t\t<div class=\"elementor-element elementor-element-2aa309e elementor-widget__width-initial elementor-widget elementor-widget-wd_title\" data-id=\"2aa309e\" data-element_type=\"widget\" data-widget_type=\"wd_title.default\">\n\t\t\t\t<div class=\"elementor-widget-container\">\n\t\t\t\t\t\t\t<div class=\"title-wrapper set-mb-s reset-last-child wd-title-color-default wd-title-style-default wd-title-size-default text-left\">\n\n\t\t\t\n\t\t\t<div class=\"liner-continer\">\n\t\t\t\t<h4 class=\"woodmart-title-container title wd-fontsize-l\">Je\u015bli masz jakie\u015b pytania skontaktuj si\u0119 z nami:\u200b<\/h4> \n\t\t\t\t\t\t\t<\/div>\n\n\t\t\t\t\t<\/div>\n\t\t\t\t\t\t<\/div>\n\t\t\t\t<\/div>\n\t\t\t\t<div class=\"elementor-element elementor-element-1aa4b02 elementor-widget elementor-widget-image\" data-id=\"1aa4b02\" data-element_type=\"widget\" data-widget_type=\"image.default\">\n\t\t\t\t<div class=\"elementor-widget-container\">\n\t\t\t\t\t\t\t\t\t\t\t\t\t\t\t<img decoding=\"async\" src=\"https:\/\/www.yurtrack.com\/wp-content\/uploads\/elementor\/thumbs\/logo-dark-r3dufjtk3uqp86x5n7oofjtic95fuhgv0uhkrdas4u.png\" title=\"logo-dark\" alt=\"logo-dark\" loading=\"lazy\" \/>\t\t\t\t\t\t\t\t\t\t\t\t\t\t\t<\/div>\n\t\t\t\t<\/div>\n\t\t\t\t<div class=\"elementor-element elementor-element-be1a313 elementor-widget elementor-widget-wd_text_block\" data-id=\"be1a313\" data-element_type=\"widget\" data-widget_type=\"wd_text_block.default\">\n\t\t\t\t<div class=\"elementor-widget-container\">\n\t\t\t\t\t\t\t<div class=\"wd-text-block reset-last-child text-left\">\n\t\t\t\n\t\t\t<p>Pomo\u017cemy Ci znale\u017a\u0107 idealne rozwi\u0105zanie przyczepy dostosowane do Twoich potrzeb!<\/p><p>Yur Track Sp. z o.o. wyr\u00f3\u017cnia si\u0119 jako czo\u0142owy dostawca r\u00f3\u017cnorodnych pojazd\u00f3w dostosowanych do ci\u0119\u017ckich \u0142adunk\u00f3w i specjalnych potrzeb transportowych.<\/p>\n\t\t\t\t\t<\/div>\n\t\t\t\t\t\t<\/div>\n\t\t\t\t<\/div>\n\t\t\t\t<div class=\"elementor-element elementor-element-900f28d elementor-widget__width-initial elementor-widget elementor-widget-wd_title\" data-id=\"900f28d\" data-element_type=\"widget\" data-widget_type=\"wd_title.default\">\n\t\t\t\t<div class=\"elementor-widget-container\">\n\t\t\t\t\t\t\t<div class=\"title-wrapper set-mb-s reset-last-child wd-title-color-default wd-title-style-default wd-title-size-default text-left\">\n\n\t\t\t\n\t\t\t<div class=\"liner-continer\">\n\t\t\t\t<h4 class=\"woodmart-title-container title wd-fontsize-l\">Dane kontaktowe<\/h4> \n\t\t\t\t\t\t\t<\/div>\n\n\t\t\t\t\t\t\t<div class=\"title-after_title set-cont-mb-s reset-last-child wd-fontsize-xs\">\n\t\t\t\t\t<p>Dzia\u0142amy na terenie Polski i ca\u0142ej Europy<\/p>\t\t\t\t<\/div>\n\t\t\t\t\t<\/div>\n\t\t\t\t\t\t<\/div>\n\t\t\t\t<\/div>\n\t\t\t\t<div class=\"elementor-element elementor-element-5570814 elementor-align-left elementor-icon-list--layout-traditional elementor-list-item-link-full_width elementor-widget elementor-widget-icon-list\" data-id=\"5570814\" data-element_type=\"widget\" data-widget_type=\"icon-list.default\">\n\t\t\t\t<div class=\"elementor-widget-container\">\n\t\t\t\t\t\t\t<ul class=\"elementor-icon-list-items\">\n\t\t\t\t\t\t\t<li class=\"elementor-icon-list-item\">\n\t\t\t\t\t\t\t\t\t\t\t<a href=\"tel:+48517193412\">\n\n\t\t\t\t\t\t\t\t\t\t\t\t<span class=\"elementor-icon-list-icon\">\n\t\t\t\t\t\t\t<i aria-hidden=\"true\" class=\"fas fa-phone-alt\"><\/i>\t\t\t\t\t\t<\/span>\n\t\t\t\t\t\t\t\t\t\t<span class=\"elementor-icon-list-text\">+48 517 193 412<\/span>\n\t\t\t\t\t\t\t\t\t\t\t<\/a>\n\t\t\t\t\t\t\t\t\t<\/li>\n\t\t\t\t\t\t\t\t<li class=\"elementor-icon-list-item\">\n\t\t\t\t\t\t\t\t\t\t\t<a href=\"mailto:yurtruck.pl@gmail.com\">\n\n\t\t\t\t\t\t\t\t\t\t\t\t<span class=\"elementor-icon-list-icon\">\n\t\t\t\t\t\t\t<i aria-hidden=\"true\" class=\"fas fa-envelope\"><\/i>\t\t\t\t\t\t<\/span>\n\t\t\t\t\t\t\t\t\t\t<span class=\"elementor-icon-list-text\">yurtruck.pl@gmail.com<\/span>\n\t\t\t\t\t\t\t\t\t\t\t<\/a>\n\t\t\t\t\t\t\t\t\t<\/li>\n\t\t\t\t\t\t<\/ul>\n\t\t\t\t\t\t<\/div>\n\t\t\t\t<\/div>\n\t\t\t\t\t<\/div>\n\t\t<\/div>\n\t\t\t\t\t<\/div>\n\t\t<\/section>\n\t\t\t\t<\/div>\n\t\t<\/div>\n\t\t\t\t\t\t<\/div>\n\t\t\t\t<\/div>\n\t\t\t\t\t<\/div>\n\t\t<\/div>\n\t\t\t\t\t<\/div>\n\t\t<\/section>\n\t\t\t\t<section class=\"elementor-section elementor-top-section elementor-element elementor-element-4b05940d wd-section-stretch-content elementor-section-boxed elementor-section-height-default elementor-section-height-default\" data-id=\"4b05940d\" data-element_type=\"section\">\n\t\t\t\t\t\t<div class=\"elementor-container elementor-column-gap-no\">\n\t\t\t\t\t<div class=\"elementor-column elementor-col-100 elementor-top-column elementor-element elementor-element-4dcf3640\" data-id=\"4dcf3640\" data-element_type=\"column\">\n\t\t\t<div class=\"elementor-widget-wrap elementor-element-populated\">\n\t\t\t\t\t\t<div class=\"elementor-element elementor-element-ac30832 elementor-widget elementor-widget-wd_images_gallery\" data-id=\"ac30832\" data-element_type=\"widget\" data-widget_type=\"wd_images_gallery.default\">\n\t\t\t\t<div class=\"elementor-widget-container\">\n\t\t\t\t\t\t\t<div class=\"wd-images-gallery wd-justify-center wd-items-top view-carousel photoswipe-images wd-carousel-spacing-0 wd-carousel-container\" data-owl-carousel data-slides_per_view_tablet='{\"size\":\"\"}' data-slides_per_view_mobile='{\"size\":\"\"}' data-wrap=\"yes\" data-autoplay=\"yes\" data-desktop=\"3\" data-tablet_landscape=\"3\" data-tablet=\"2\" data-mobile=\"1\">\n\t\t\t<div class=\"gallery-images owl-carousel wd-owl owl-items-lg-3 owl-items-md-3 owl-items-sm-2 owl-items-xs-1\">\n\t\t\t\t\t\t\t\t\t\t\t\t\t\t<div class=\"wd-gallery-item\">\n\t\t\t\t\t\t\t\t\t\t\t\t\t<a  href=\"https:\/\/www.yurtrack.com\/wp-content\/uploads\/2024\/03\/max300-7.jpg\"data-width=\"1280\" data-height=\"720\" data-index=\"1\" data-elementor-open-lightbox=\"no\">\n\t\t\t\t\t\t\n\t\t\t\t\t\t<img decoding=\"async\" src=\"https:\/\/www.yurtrack.com\/wp-content\/uploads\/2024\/03\/max300-7.jpg\"alt=\"max300-7\">\n\t\t\t\t\t\t\t\t\t\t\t\t\t<\/a>\n\t\t\t\t\t\t\t\t\t\t\t<\/div>\n\t\t\t\t\t\t\t\t\t\t\t\t\t\t\t<div class=\"wd-gallery-item\">\n\t\t\t\t\t\t\t\t\t\t\t\t\t<a  href=\"https:\/\/www.yurtrack.com\/wp-content\/uploads\/2024\/03\/max300-6.jpg\"data-width=\"1280\" data-height=\"720\" data-index=\"2\" data-elementor-open-lightbox=\"no\">\n\t\t\t\t\t\t\n\t\t\t\t\t\t<img decoding=\"async\" src=\"https:\/\/www.yurtrack.com\/wp-content\/uploads\/2024\/03\/max300-6.jpg\"alt=\"max300-6\">\n\t\t\t\t\t\t\t\t\t\t\t\t\t<\/a>\n\t\t\t\t\t\t\t\t\t\t\t<\/div>\n\t\t\t\t\t\t\t\t\t\t\t\t\t\t\t<div class=\"wd-gallery-item\">\n\t\t\t\t\t\t\t\t\t\t\t\t\t<a  href=\"https:\/\/www.yurtrack.com\/wp-content\/uploads\/2024\/03\/max300-4.jpg\"data-width=\"1280\" data-height=\"720\" data-index=\"3\" data-elementor-open-lightbox=\"no\">\n\t\t\t\t\t\t\n\t\t\t\t\t\t<img decoding=\"async\" src=\"https:\/\/www.yurtrack.com\/wp-content\/uploads\/2024\/03\/max300-4.jpg\"alt=\"max300-4\">\n\t\t\t\t\t\t\t\t\t\t\t\t\t<\/a>\n\t\t\t\t\t\t\t\t\t\t\t<\/div>\n\t\t\t\t\t\t\t\t<\/div>\n\t\t<\/div>\n\t\t\t\t\t\t<\/div>\n\t\t\t\t<\/div>\n\t\t\t\t\t<\/div>\n\t\t<\/div>\n\t\t\t\t\t<\/div>\n\t\t<\/section>\n\t\t\t\t<\/div>\n\t\t","protected":false},"excerpt":{"rendered":"<ul>\n<li data-start=\"0\" data-end=\"71\"><strong data-start=\"0\" data-end=\"22\">2\u20133 osie centralne<\/strong><\/li>\n<li data-start=\"0\" data-end=\"71\"><strong data-start=\"25\" data-end=\"53\">Zawieszenie pneumatyczne<\/strong><\/li>\n<li data-start=\"0\" data-end=\"71\"><strong data-start=\"56\" data-end=\"71\" data-is-only-node=\"\">Opony 17,5\u201d<\/strong><\/li>\n<\/ul>\n<p class=\"\" data-start=\"73\" data-end=\"401\">Dzi\u0119ki swojej <strong data-start=\"87\" data-end=\"114\">kompaktowej konstrukcji<\/strong>, przyczepa centralnoosiowa <strong data-start=\"142\" data-end=\"152\">MAX300<\/strong> doskonale nadaje si\u0119 do transportu <strong data-start=\"188\" data-end=\"232\">mniejszych i \u015brednich maszyn budowlanych<\/strong>. Nasza przyczepa centralnoosiowa w wersji tandem lub tridem oferuje <strong data-start=\"301\" data-end=\"327\">komfortow\u0105 manewrowo\u015b\u0107<\/strong> na kr\u0119tych i w\u0105skich placach budowy. To typ przyczepy, kt\u00f3r\u0105 \u0142atwo cofa\u0107.<\/p>\n<p class=\"\" data-start=\"403\" data-end=\"722\"><strong data-start=\"403\" data-end=\"424\">Lekka konstrukcja<\/strong> pozwala na wi\u0119ksze obci\u0105\u017cenie, a <strong data-start=\"458\" data-end=\"499\">nisko umieszczona pod\u0142oga za\u0142adunkowa<\/strong> skutecznie rozwi\u0105zuje problemy z wy\u017cszymi \u0142adunkami. <strong data-start=\"553\" data-end=\"588\">Hydraulicznie sterowane najazdy<\/strong> zapewniaj\u0105 \u0142atwy i bezpieczny proces za\u0142adunku. Liczne <strong data-start=\"644\" data-end=\"664\" data-is-only-node=\"\">punkty mocowania<\/strong> gwarantuj\u0105 maksymalne bezpiecze\u0144stwo przewo\u017conych maszyn.<\/p>\n<p class=\"\" data-start=\"724\" data-end=\"885\">Seria MAX300 posiada <strong data-start=\"745\" data-end=\"773\">zawieszenie pneumatyczne<\/strong> oraz <strong data-start=\"779\" data-end=\"813\">standardow\u0105 szeroko\u015b\u0107 2 540 mm<\/strong> w wersji 3-osiowej. Wersja tandemowa ma <strong data-start=\"854\" data-end=\"884\">szeroko\u015b\u0107 jedynie 2 480 mm<\/strong>.<\/p>\n","protected":false},"featured_media":18318,"template":"","meta":{"_monsterinsights_skip_tracking":false,"_monsterinsights_sitenote_active":false,"_monsterinsights_sitenote_note":"","_monsterinsights_sitenote_category":0},"product_brand":[],"product_cat":[145],"product_tag":[],"class_list":{"0":"post-18834","1":"product","2":"type-product","3":"status-publish","4":"has-post-thumbnail","6":"product_cat-transport-specjalny-i-ciezki","8":"first","9":"instock","10":"shipping-taxable","11":"product-type-simple"},"_links":{"self":[{"href":"https:\/\/www.yurtrack.com\/pl\/wp-json\/wp\/v2\/product\/18834","targetHints":{"allow":["GET"]}}],"collection":[{"href":"https:\/\/www.yurtrack.com\/pl\/wp-json\/wp\/v2\/product"}],"about":[{"href":"https:\/\/www.yurtrack.com\/pl\/wp-json\/wp\/v2\/types\/product"}],"version-history":[{"count":5,"href":"https:\/\/www.yurtrack.com\/pl\/wp-json\/wp\/v2\/product\/18834\/revisions"}],"predecessor-version":[{"id":18840,"href":"https:\/\/www.yurtrack.com\/pl\/wp-json\/wp\/v2\/product\/18834\/revisions\/18840"}],"wp:featuredmedia":[{"embeddable":true,"href":"https:\/\/www.yurtrack.com\/pl\/wp-json\/wp\/v2\/media\/18318"}],"wp:attachment":[{"href":"https:\/\/www.yurtrack.com\/pl\/wp-json\/wp\/v2\/media?parent=18834"}],"wp:term":[{"taxonomy":"product_brand","embeddable":true,"href":"https:\/\/www.yurtrack.com\/pl\/wp-json\/wp\/v2\/product_brand?post=18834"},{"taxonomy":"product_cat","embeddable":true,"href":"https:\/\/www.yurtrack.com\/pl\/wp-json\/wp\/v2\/product_cat?post=18834"},{"taxonomy":"product_tag","embeddable":true,"href":"https:\/\/www.yurtrack.com\/pl\/wp-json\/wp\/v2\/product_tag?post=18834"}],"curies":[{"name":"wp","href":"https:\/\/api.w.org\/{rel}","templated":true}]}}