{"id":18806,"date":"2024-03-11T17:56:19","date_gmt":"2024-03-11T17:56:19","guid":{"rendered":"https:\/\/www.yurtrack.com\/?post_type=product&#038;p=18806"},"modified":"2025-06-27T15:24:43","modified_gmt":"2025-06-27T15:24:43","slug":"przyczepa-rba22","status":"publish","type":"product","link":"https:\/\/www.yurtrack.com\/pl\/pojazdy-nowe-i-uzywane\/przyczepa-rba22\/","title":{"rendered":"Przyczepa RBA22"},"content":{"rendered":"\t\t<div data-elementor-type=\"wp-post\" data-elementor-id=\"18806\" class=\"elementor elementor-18806 elementor-16928\" data-elementor-post-type=\"product\">\n\t\t\t\t\t\t<section class=\"elementor-section elementor-top-section elementor-element elementor-element-79752fbe wd-section-stretch-content elementor-section-content-top elementor-section-boxed elementor-section-height-default elementor-section-height-default\" data-id=\"79752fbe\" data-element_type=\"section\" data-settings=\"{&quot;background_background&quot;:&quot;classic&quot;}\">\n\t\t\t\t\t\t<div class=\"elementor-container elementor-column-gap-extended\">\n\t\t\t\t\t<div class=\"elementor-column elementor-col-100 elementor-top-column elementor-element elementor-element-2af8c87b\" data-id=\"2af8c87b\" data-element_type=\"column\">\n\t\t\t<div class=\"elementor-widget-wrap elementor-element-populated\">\n\t\t\t\t\t\t<div class=\"elementor-element elementor-element-78cc366f elementor-widget elementor-widget-wd_title\" data-id=\"78cc366f\" data-element_type=\"widget\" data-widget_type=\"wd_title.default\">\n\t\t\t\t<div class=\"elementor-widget-container\">\n\t\t\t\t\t\t\t<div class=\"title-wrapper set-mb-s reset-last-child wd-title-color-primary wd-title-style-underlined wd-title-size-default text-center\">\n\n\t\t\t\n\t\t\t<div class=\"liner-continer\">\n\t\t\t\t<h4 class=\"woodmart-title-container title wd-fontsize-l\">Opis - Przyczepa RBA22 do przewozu zwierz\u0105t<\/h4> \n\t\t\t\t\t\t\t<\/div>\n\n\t\t\t\t\t<\/div>\n\t\t\t\t\t\t<\/div>\n\t\t\t\t<\/div>\n\t\t\t\t\t<\/div>\n\t\t<\/div>\n\t\t\t\t\t<\/div>\n\t\t<\/section>\n\t\t\t\t<section class=\"elementor-section elementor-top-section elementor-element elementor-element-963cabd elementor-section-content-top elementor-section-boxed elementor-section-height-default elementor-section-height-default wd-section-disabled\" data-id=\"963cabd\" data-element_type=\"section\">\n\t\t\t\t\t\t<div class=\"elementor-container elementor-column-gap-extended\">\n\t\t\t\t\t<div class=\"elementor-column elementor-col-66 elementor-top-column elementor-element elementor-element-7f55d2ea\" data-id=\"7f55d2ea\" data-element_type=\"column\">\n\t\t\t<div class=\"elementor-widget-wrap elementor-element-populated\">\n\t\t\t\t\t\t<div class=\"elementor-element elementor-element-c771564 elementor-widget elementor-widget-wd_title\" data-id=\"c771564\" data-element_type=\"widget\" data-widget_type=\"wd_title.default\">\n\t\t\t\t<div class=\"elementor-widget-container\">\n\t\t\t\t\t\t\t<div class=\"title-wrapper set-mb-s reset-last-child wd-title-color-primary wd-title-style-underlined wd-title-size-default text-left\">\n\n\t\t\t\n\t\t\t<div class=\"liner-continer\">\n\t\t\t\t<h4 class=\"woodmart-title-container title wd-fontsize-l\">DANE TECHNICZNE<\/h4> \n\t\t\t\t\t\t\t<\/div>\n\n\t\t\t\t\t<\/div>\n\t\t\t\t\t\t<\/div>\n\t\t\t\t<\/div>\n\t\t\t\t<div class=\"elementor-element elementor-element-3f093d5 elementor-widget elementor-widget-wd_text_block\" data-id=\"3f093d5\" data-element_type=\"widget\" data-widget_type=\"wd_text_block.default\">\n\t\t\t\t<div class=\"elementor-widget-container\">\n\t\t\t\t\t\t\t<div class=\"wd-text-block reset-last-child text-left\">\n\t\t\t\n\t\t\t<table width=\"100%\"><tbody><tr><td width=\"223\"><strong>Podwozie:<\/strong><\/td><td width=\"431\">Samono\u015bna, antykorozyjna konstrukcja aluminiowa<\/td><\/tr><tr><td><strong>Osie<\/strong>:<\/td><td>podw\u00f3jne o no\u015bno\u015bci 10500 kg<\/td><\/tr><tr><td><strong>Hamulce:<\/strong><\/td><td>\u00a0tarcza \u00d8 370 mm<\/td><\/tr><tr><td><strong>Uk\u0142ad hamulcowy:<\/strong><\/td><td>pneumatyczny, dwuobwodowy, zgodny z normami ECE, 4-kana\u0142owy system EBS i RSS<\/td><\/tr><tr><td><strong>Hamulec postojowy:<\/strong><\/td><td>hamulce spr\u0119\u017cynowe ze sterowaniem pneumatycznym<\/td><\/tr><tr><td><strong>Zawieszenie:<\/strong><\/td><td>pneumatyczne ze sterowaniem elektronicznym i zintegrowane z przednim i tylnym dr\u0105\u017ckiem stabilizacyjnym<\/td><\/tr><tr><td><strong>Ko\u0142a:<\/strong><\/td><td>tarcze 19,5 x 8,25 lub 19,5 x 7,50 i piasta typu M<\/td><\/tr><tr><td><strong>Opony:<\/strong><\/td><td>285\/70R19,5 lub 265\/70R19,5 lub 255\/60R19,5 bli\u017aniacze<\/td><\/tr><tr><td><strong>Dyszel holowniczy:<\/strong><\/td><td>\u00a0rozszerzalny dr\u0105\u017cek holowniczy 12x50 mm - \u0142o\u017cysko sto\u0142u \u00d8 1200 mm<\/td><\/tr><tr><td><strong>Nadwozie:<\/strong><\/td><td>\u00a0jednostka skrzyniowa dla zwierz\u0105t gospodarskich 2, 3 lub 4 pok\u0142ady za\u0142adunkowe ze sterowaniem hydraulicznym, podnoszonym opuszczanym dachem, drzwiami bocznymi i tylnymi, szerokimi skrzynkami narz\u0119dziowymi pod nadwoziem, wewn\u0119trzne i zewn\u0119trzne \u015bwiat\u0142a robocze<\/td><\/tr><tr><td><strong>Uk\u0142ad elektrohydrauliczny:<\/strong><\/td><td>wyposa\u017cony w automatyczne urz\u0105dzenie zabezpieczaj\u0105ce zgodnie z Dyrektyw\u0105 Maszynow\u0105 i Instytutem Bezpiecze\u0144stwa Pracy. (certyfikat T\u00dcV nr 24 03 9761 002)<\/td><\/tr><tr><td><strong>Rampa za\u0142adunkowa:<\/strong><\/td><td>z hydraulicznym ruchem, antypo\u015blizgowa, z wbudowanymi os\u0142onami bocznymi i z mo\u017cliwo\u015bci\u0105 u\u017cycia jako drzwi stajennych<\/td><\/tr><tr><td><strong>Przegrody:<\/strong><\/td><td>z aluminium lub ocynkowanej stali z uchyln\u0105 klap\u0105 dla wi\u0119kszych zwierz\u0105t<\/td><\/tr><tr><td><strong>Dach:<\/strong><\/td><td>typ izolowany<\/td><\/tr><\/tbody><\/table>\n\t\t\t\t\t<\/div>\n\t\t\t\t\t\t<\/div>\n\t\t\t\t<\/div>\n\t\t\t\t<div class=\"elementor-element elementor-element-ec3c72f elementor-widget elementor-widget-wd_image_or_svg\" data-id=\"ec3c72f\" data-element_type=\"widget\" data-widget_type=\"wd_image_or_svg.default\">\n\t\t\t\t<div class=\"elementor-widget-container\">\n\t\t\t\t\t\n\t\t<div class=\"wd-image text-left\">\n\t\t\t\t\t\t\t\t<img fetchpriority=\"high\" decoding=\"async\" width=\"1024\" height=\"683\" src=\"https:\/\/www.yurtrack.com\/wp-content\/uploads\/2024\/03\/RRF3684.jpg\" class=\"attachment-full size-full\" alt=\"\" srcset=\"https:\/\/www.yurtrack.com\/wp-content\/uploads\/2024\/03\/RRF3684.jpg 1024w, https:\/\/www.yurtrack.com\/wp-content\/uploads\/2024\/03\/RRF3684-400x267.jpg 400w, https:\/\/www.yurtrack.com\/wp-content\/uploads\/2024\/03\/RRF3684-768x512.jpg 768w, https:\/\/www.yurtrack.com\/wp-content\/uploads\/2024\/03\/RRF3684-700x467.jpg 700w, https:\/\/www.yurtrack.com\/wp-content\/uploads\/2024\/03\/RRF3684-150x100.jpg 150w\" sizes=\"(max-width: 1024px) 100vw, 1024px\" \/>\t\t\t\t\t<\/div>\n\n\t\t\t\t\t\t<\/div>\n\t\t\t\t<\/div>\n\t\t\t\t<div class=\"elementor-element elementor-element-44b8574 elementor-widget elementor-widget-wd_title\" data-id=\"44b8574\" data-element_type=\"widget\" data-widget_type=\"wd_title.default\">\n\t\t\t\t<div class=\"elementor-widget-container\">\n\t\t\t\t\t\t\t<div class=\"title-wrapper set-mb-s reset-last-child wd-title-color-primary wd-title-style-underlined wd-title-size-default text-left\">\n\n\t\t\t\n\t\t\t<div class=\"liner-continer\">\n\t\t\t\t<h4 class=\"woodmart-title-container title wd-fontsize-l\">OPCJE<\/h4> \n\t\t\t\t\t\t\t<\/div>\n\n\t\t\t\t\t<\/div>\n\t\t\t\t\t\t<\/div>\n\t\t\t\t<\/div>\n\t\t\t\t<div class=\"elementor-element elementor-element-07e4c25 elementor-widget elementor-widget-wd_text_block\" data-id=\"07e4c25\" data-element_type=\"widget\" data-widget_type=\"wd_text_block.default\">\n\t\t\t\t<div class=\"elementor-widget-container\">\n\t\t\t\t\t\t\t<div class=\"wd-text-block reset-last-child text-left\">\n\t\t\t\n\t\t\t<ul><li>Otwory wentylacyjne zamykane klapami aluminiowymi (+300 kg)<\/li><li>Automatyczny system pojenia ze zbiornikiem na wod\u0119 (+250 kg)<\/li><li>Podgrzewanie wody pitnej<\/li><li>System \u015bledzenia GPS zintegrowany z rejestracj\u0105 temperatury i otwierania drzwi<\/li><\/ul>\n\t\t\t\t\t<\/div>\n\t\t\t\t\t\t<\/div>\n\t\t\t\t<\/div>\n\t\t\t\t<div class=\"elementor-element elementor-element-a30096a elementor-widget elementor-widget-wd_image_or_svg\" data-id=\"a30096a\" data-element_type=\"widget\" data-widget_type=\"wd_image_or_svg.default\">\n\t\t\t\t<div class=\"elementor-widget-container\">\n\t\t\t\t\t\n\t\t<div class=\"wd-image text-left\">\n\t\t\t\t\t\t\t\t<img decoding=\"async\" width=\"854\" height=\"1280\" src=\"https:\/\/www.yurtrack.com\/wp-content\/uploads\/2024\/03\/RBA22-13.jpg\" class=\"attachment-full size-full\" alt=\"\" srcset=\"https:\/\/www.yurtrack.com\/wp-content\/uploads\/2024\/03\/RBA22-13.jpg 854w, https:\/\/www.yurtrack.com\/wp-content\/uploads\/2024\/03\/RBA22-13-200x300.jpg 200w, https:\/\/www.yurtrack.com\/wp-content\/uploads\/2024\/03\/RBA22-13-534x800.jpg 534w, https:\/\/www.yurtrack.com\/wp-content\/uploads\/2024\/03\/RBA22-13-768x1151.jpg 768w, https:\/\/www.yurtrack.com\/wp-content\/uploads\/2024\/03\/RBA22-13-700x1049.jpg 700w, https:\/\/www.yurtrack.com\/wp-content\/uploads\/2024\/03\/RBA22-13-150x225.jpg 150w\" sizes=\"(max-width: 854px) 100vw, 854px\" \/>\t\t\t\t\t<\/div>\n\n\t\t\t\t\t\t<\/div>\n\t\t\t\t<\/div>\n\t\t\t\t\t<\/div>\n\t\t<\/div>\n\t\t\t\t<div class=\"elementor-column elementor-col-33 elementor-top-column elementor-element elementor-element-6bb50aba wd-elementor-sticky-column elementor-hidden-phone elementor-hidden-tablet wd_sticky_offset_120\" data-id=\"6bb50aba\" data-element_type=\"column\" data-settings=\"{&quot;background_background&quot;:&quot;classic&quot;}\">\n\t\t\t<div class=\"elementor-widget-wrap elementor-element-populated\">\n\t\t\t\t\t\t<div class=\"elementor-element elementor-element-4b2e5c9 elementor-widget elementor-widget-shortcode\" data-id=\"4b2e5c9\" data-element_type=\"widget\" data-widget_type=\"shortcode.default\">\n\t\t\t\t<div class=\"elementor-widget-container\">\n\t\t\t\t\t\t\t<div class=\"elementor-shortcode\">\t\t\t<link rel=\"stylesheet\" id=\"elementor-post-18747-css\" href=\"https:\/\/www.yurtrack.com\/wp-content\/uploads\/elementor\/css\/post-18747.css?ver=1750954361\" type=\"text\/css\" media=\"all\">\n\t\t\t\t\t<div data-elementor-type=\"wp-post\" data-elementor-id=\"18747\" class=\"elementor elementor-18747 elementor-4452\" data-elementor-post-type=\"cms_block\">\n\t\t\t\t\t\t<section class=\"elementor-section elementor-top-section elementor-element elementor-element-27bd689 elementor-section-boxed elementor-section-height-default elementor-section-height-default wd-section-disabled\" data-id=\"27bd689\" data-element_type=\"section\">\n\t\t\t\t\t\t<div class=\"elementor-container elementor-column-gap-default\">\n\t\t\t\t\t<div class=\"elementor-column elementor-col-100 elementor-top-column elementor-element elementor-element-c90e557 elementor-hidden-phone elementor-hidden-tablet\" data-id=\"c90e557\" data-element_type=\"column\" data-settings=\"{&quot;background_background&quot;:&quot;classic&quot;}\">\n\t\t\t<div class=\"elementor-widget-wrap elementor-element-populated\">\n\t\t\t\t\t\t<div class=\"elementor-element elementor-element-2aa309e elementor-widget__width-initial elementor-widget elementor-widget-wd_title\" data-id=\"2aa309e\" data-element_type=\"widget\" data-widget_type=\"wd_title.default\">\n\t\t\t\t<div class=\"elementor-widget-container\">\n\t\t\t\t\t\t\t<div class=\"title-wrapper set-mb-s reset-last-child wd-title-color-default wd-title-style-default wd-title-size-default text-left\">\n\n\t\t\t\n\t\t\t<div class=\"liner-continer\">\n\t\t\t\t<h4 class=\"woodmart-title-container title wd-fontsize-l\">Je\u015bli masz jakie\u015b pytania skontaktuj si\u0119 z nami:\u200b<\/h4> \n\t\t\t\t\t\t\t<\/div>\n\n\t\t\t\t\t<\/div>\n\t\t\t\t\t\t<\/div>\n\t\t\t\t<\/div>\n\t\t\t\t<div class=\"elementor-element elementor-element-1aa4b02 elementor-widget elementor-widget-image\" data-id=\"1aa4b02\" data-element_type=\"widget\" data-widget_type=\"image.default\">\n\t\t\t\t<div class=\"elementor-widget-container\">\n\t\t\t\t\t\t\t\t\t\t\t\t\t\t\t<img decoding=\"async\" src=\"https:\/\/www.yurtrack.com\/wp-content\/uploads\/elementor\/thumbs\/logo-dark-r3dufjtk3uqp86x5n7oofjtic95fuhgv0uhkrdas4u.png\" title=\"logo-dark\" alt=\"logo-dark\" loading=\"lazy\" \/>\t\t\t\t\t\t\t\t\t\t\t\t\t\t\t<\/div>\n\t\t\t\t<\/div>\n\t\t\t\t<div class=\"elementor-element elementor-element-be1a313 elementor-widget elementor-widget-wd_text_block\" data-id=\"be1a313\" data-element_type=\"widget\" data-widget_type=\"wd_text_block.default\">\n\t\t\t\t<div class=\"elementor-widget-container\">\n\t\t\t\t\t\t\t<div class=\"wd-text-block reset-last-child text-left\">\n\t\t\t\n\t\t\t<p>Pomo\u017cemy Ci znale\u017a\u0107 idealne rozwi\u0105zanie przyczepy dostosowane do Twoich potrzeb!<\/p><p>Yur Track Sp. z o.o. wyr\u00f3\u017cnia si\u0119 jako czo\u0142owy dostawca r\u00f3\u017cnorodnych pojazd\u00f3w dostosowanych do ci\u0119\u017ckich \u0142adunk\u00f3w i specjalnych potrzeb transportowych.<\/p>\n\t\t\t\t\t<\/div>\n\t\t\t\t\t\t<\/div>\n\t\t\t\t<\/div>\n\t\t\t\t<div class=\"elementor-element elementor-element-900f28d elementor-widget__width-initial elementor-widget elementor-widget-wd_title\" data-id=\"900f28d\" data-element_type=\"widget\" data-widget_type=\"wd_title.default\">\n\t\t\t\t<div class=\"elementor-widget-container\">\n\t\t\t\t\t\t\t<div class=\"title-wrapper set-mb-s reset-last-child wd-title-color-default wd-title-style-default wd-title-size-default text-left\">\n\n\t\t\t\n\t\t\t<div class=\"liner-continer\">\n\t\t\t\t<h4 class=\"woodmart-title-container title wd-fontsize-l\">Dane kontaktowe<\/h4> \n\t\t\t\t\t\t\t<\/div>\n\n\t\t\t\t\t\t\t<div class=\"title-after_title set-cont-mb-s reset-last-child wd-fontsize-xs\">\n\t\t\t\t\t<p>Dzia\u0142amy na terenie Polski i ca\u0142ej Europy<\/p>\t\t\t\t<\/div>\n\t\t\t\t\t<\/div>\n\t\t\t\t\t\t<\/div>\n\t\t\t\t<\/div>\n\t\t\t\t<div class=\"elementor-element elementor-element-5570814 elementor-align-left elementor-icon-list--layout-traditional elementor-list-item-link-full_width elementor-widget elementor-widget-icon-list\" data-id=\"5570814\" data-element_type=\"widget\" data-widget_type=\"icon-list.default\">\n\t\t\t\t<div class=\"elementor-widget-container\">\n\t\t\t\t\t\t\t<ul class=\"elementor-icon-list-items\">\n\t\t\t\t\t\t\t<li class=\"elementor-icon-list-item\">\n\t\t\t\t\t\t\t\t\t\t\t<a href=\"tel:+48517193412\">\n\n\t\t\t\t\t\t\t\t\t\t\t\t<span class=\"elementor-icon-list-icon\">\n\t\t\t\t\t\t\t<i aria-hidden=\"true\" class=\"fas fa-phone-alt\"><\/i>\t\t\t\t\t\t<\/span>\n\t\t\t\t\t\t\t\t\t\t<span class=\"elementor-icon-list-text\">+48 517 193 412<\/span>\n\t\t\t\t\t\t\t\t\t\t\t<\/a>\n\t\t\t\t\t\t\t\t\t<\/li>\n\t\t\t\t\t\t\t\t<li class=\"elementor-icon-list-item\">\n\t\t\t\t\t\t\t\t\t\t\t<a href=\"mailto:yurtruck.pl@gmail.com\">\n\n\t\t\t\t\t\t\t\t\t\t\t\t<span class=\"elementor-icon-list-icon\">\n\t\t\t\t\t\t\t<i aria-hidden=\"true\" class=\"fas fa-envelope\"><\/i>\t\t\t\t\t\t<\/span>\n\t\t\t\t\t\t\t\t\t\t<span class=\"elementor-icon-list-text\">yurtruck.pl@gmail.com<\/span>\n\t\t\t\t\t\t\t\t\t\t\t<\/a>\n\t\t\t\t\t\t\t\t\t<\/li>\n\t\t\t\t\t\t<\/ul>\n\t\t\t\t\t\t<\/div>\n\t\t\t\t<\/div>\n\t\t\t\t\t<\/div>\n\t\t<\/div>\n\t\t\t\t\t<\/div>\n\t\t<\/section>\n\t\t\t\t<\/div>\n\t\t<\/div>\n\t\t\t\t\t\t<\/div>\n\t\t\t\t<\/div>\n\t\t\t\t\t<\/div>\n\t\t<\/div>\n\t\t\t\t\t<\/div>\n\t\t<\/section>\n\t\t\t\t<section class=\"elementor-section elementor-top-section elementor-element elementor-element-4b05940d wd-section-stretch-content elementor-section-boxed elementor-section-height-default elementor-section-height-default\" data-id=\"4b05940d\" data-element_type=\"section\">\n\t\t\t\t\t\t<div class=\"elementor-container elementor-column-gap-no\">\n\t\t\t\t\t<div class=\"elementor-column elementor-col-100 elementor-top-column elementor-element elementor-element-4dcf3640\" data-id=\"4dcf3640\" data-element_type=\"column\">\n\t\t\t<div class=\"elementor-widget-wrap elementor-element-populated\">\n\t\t\t\t\t\t<div class=\"elementor-element elementor-element-ac30832 elementor-widget elementor-widget-wd_images_gallery\" data-id=\"ac30832\" data-element_type=\"widget\" data-widget_type=\"wd_images_gallery.default\">\n\t\t\t\t<div class=\"elementor-widget-container\">\n\t\t\t\t\t\t\t<div class=\"wd-images-gallery wd-justify-center wd-items-top view-carousel photoswipe-images wd-carousel-spacing-0 wd-carousel-container\" data-owl-carousel data-slides_per_view_tablet='{\"size\":\"\"}' data-slides_per_view_mobile='{\"size\":\"\"}' data-wrap=\"yes\" data-autoplay=\"yes\" data-desktop=\"4\" data-tablet_landscape=\"4\" data-tablet=\"3\" data-mobile=\"1\">\n\t\t\t<div class=\"gallery-images owl-carousel wd-owl owl-items-lg-4 owl-items-md-4 owl-items-sm-3 owl-items-xs-1\">\n\t\t\t\t\t\t\t\t\t\t\t\t\t\t<div class=\"wd-gallery-item\">\n\t\t\t\t\t\t\t\t\t\t\t\t\t<a  href=\"https:\/\/www.yurtrack.com\/wp-content\/uploads\/2024\/03\/RBA22-9.jpg\"data-width=\"1280\" data-height=\"854\" data-index=\"1\" data-elementor-open-lightbox=\"no\">\n\t\t\t\t\t\t\n\t\t\t\t\t\t<img decoding=\"async\" src=\"https:\/\/www.yurtrack.com\/wp-content\/uploads\/2024\/03\/RBA22-9.jpg\"alt=\"RBA22-9\">\n\t\t\t\t\t\t\t\t\t\t\t\t\t<\/a>\n\t\t\t\t\t\t\t\t\t\t\t<\/div>\n\t\t\t\t\t\t\t\t\t\t\t\t\t\t\t<div class=\"wd-gallery-item\">\n\t\t\t\t\t\t\t\t\t\t\t\t\t<a  href=\"https:\/\/www.yurtrack.com\/wp-content\/uploads\/2024\/03\/RBA22-24.jpg\"data-width=\"1280\" data-height=\"853\" data-index=\"2\" data-elementor-open-lightbox=\"no\">\n\t\t\t\t\t\t\n\t\t\t\t\t\t<img decoding=\"async\" src=\"https:\/\/www.yurtrack.com\/wp-content\/uploads\/2024\/03\/RBA22-24.jpg\"alt=\"RBA22-24\">\n\t\t\t\t\t\t\t\t\t\t\t\t\t<\/a>\n\t\t\t\t\t\t\t\t\t\t\t<\/div>\n\t\t\t\t\t\t\t\t\t\t\t\t\t\t\t<div class=\"wd-gallery-item\">\n\t\t\t\t\t\t\t\t\t\t\t\t\t<a  href=\"https:\/\/www.yurtrack.com\/wp-content\/uploads\/2024\/03\/RBA22-19.jpg\"data-width=\"1280\" data-height=\"854\" data-index=\"3\" data-elementor-open-lightbox=\"no\">\n\t\t\t\t\t\t\n\t\t\t\t\t\t<img decoding=\"async\" src=\"https:\/\/www.yurtrack.com\/wp-content\/uploads\/2024\/03\/RBA22-19.jpg\"alt=\"RBA22-19\">\n\t\t\t\t\t\t\t\t\t\t\t\t\t<\/a>\n\t\t\t\t\t\t\t\t\t\t\t<\/div>\n\t\t\t\t\t\t\t\t\t\t\t\t\t\t\t<div class=\"wd-gallery-item\">\n\t\t\t\t\t\t\t\t\t\t\t\t\t<a  href=\"https:\/\/www.yurtrack.com\/wp-content\/uploads\/2024\/03\/RBA22-3.jpg\"data-width=\"1280\" data-height=\"853\" data-index=\"4\" data-elementor-open-lightbox=\"no\">\n\t\t\t\t\t\t\n\t\t\t\t\t\t<img decoding=\"async\" src=\"https:\/\/www.yurtrack.com\/wp-content\/uploads\/2024\/03\/RBA22-3.jpg\"alt=\"RBA22-3\">\n\t\t\t\t\t\t\t\t\t\t\t\t\t<\/a>\n\t\t\t\t\t\t\t\t\t\t\t<\/div>\n\t\t\t\t\t\t\t\t\t\t\t\t\t\t\t<div class=\"wd-gallery-item\">\n\t\t\t\t\t\t\t\t\t\t\t\t\t<a  href=\"https:\/\/www.yurtrack.com\/wp-content\/uploads\/2024\/03\/RBA22-15.jpg\"data-width=\"1280\" data-height=\"854\" data-index=\"5\" data-elementor-open-lightbox=\"no\">\n\t\t\t\t\t\t\n\t\t\t\t\t\t<img decoding=\"async\" src=\"https:\/\/www.yurtrack.com\/wp-content\/uploads\/2024\/03\/RBA22-15.jpg\"alt=\"RBA22-15\">\n\t\t\t\t\t\t\t\t\t\t\t\t\t<\/a>\n\t\t\t\t\t\t\t\t\t\t\t<\/div>\n\t\t\t\t\t\t\t\t\t\t\t\t\t\t\t<div class=\"wd-gallery-item\">\n\t\t\t\t\t\t\t\t\t\t\t\t\t<a  href=\"https:\/\/www.yurtrack.com\/wp-content\/uploads\/2024\/03\/RBA22-18.jpg\"data-width=\"1280\" data-height=\"854\" data-index=\"6\" data-elementor-open-lightbox=\"no\">\n\t\t\t\t\t\t\n\t\t\t\t\t\t<img decoding=\"async\" src=\"https:\/\/www.yurtrack.com\/wp-content\/uploads\/2024\/03\/RBA22-18.jpg\"alt=\"RBA22-18\">\n\t\t\t\t\t\t\t\t\t\t\t\t\t<\/a>\n\t\t\t\t\t\t\t\t\t\t\t<\/div>\n\t\t\t\t\t\t\t\t\t\t\t\t\t\t\t<div class=\"wd-gallery-item\">\n\t\t\t\t\t\t\t\t\t\t\t\t\t<a  href=\"https:\/\/www.yurtrack.com\/wp-content\/uploads\/2024\/03\/RBA22-7.jpg\"data-width=\"1280\" data-height=\"854\" data-index=\"7\" data-elementor-open-lightbox=\"no\">\n\t\t\t\t\t\t\n\t\t\t\t\t\t<img decoding=\"async\" src=\"https:\/\/www.yurtrack.com\/wp-content\/uploads\/2024\/03\/RBA22-7.jpg\"alt=\"RBA22-7\">\n\t\t\t\t\t\t\t\t\t\t\t\t\t<\/a>\n\t\t\t\t\t\t\t\t\t\t\t<\/div>\n\t\t\t\t\t\t\t\t\t\t\t\t\t\t\t<div class=\"wd-gallery-item\">\n\t\t\t\t\t\t\t\t\t\t\t\t\t<a  href=\"https:\/\/www.yurtrack.com\/wp-content\/uploads\/2024\/03\/RBA22-14.jpg\"data-width=\"1280\" data-height=\"854\" data-index=\"8\" data-elementor-open-lightbox=\"no\">\n\t\t\t\t\t\t\n\t\t\t\t\t\t<img decoding=\"async\" src=\"https:\/\/www.yurtrack.com\/wp-content\/uploads\/2024\/03\/RBA22-14.jpg\"alt=\"RBA22-14\">\n\t\t\t\t\t\t\t\t\t\t\t\t\t<\/a>\n\t\t\t\t\t\t\t\t\t\t\t<\/div>\n\t\t\t\t\t\t\t\t\t\t\t\t\t\t\t<div class=\"wd-gallery-item\">\n\t\t\t\t\t\t\t\t\t\t\t\t\t<a  href=\"https:\/\/www.yurtrack.com\/wp-content\/uploads\/2024\/03\/RBA22-25.jpg\"data-width=\"1280\" data-height=\"853\" data-index=\"9\" data-elementor-open-lightbox=\"no\">\n\t\t\t\t\t\t\n\t\t\t\t\t\t<img decoding=\"async\" src=\"https:\/\/www.yurtrack.com\/wp-content\/uploads\/2024\/03\/RBA22-25.jpg\"alt=\"RBA22-25\">\n\t\t\t\t\t\t\t\t\t\t\t\t\t<\/a>\n\t\t\t\t\t\t\t\t\t\t\t<\/div>\n\t\t\t\t\t\t\t\t\t\t\t\t\t\t\t<div class=\"wd-gallery-item\">\n\t\t\t\t\t\t\t\t\t\t\t\t\t<a  href=\"https:\/\/www.yurtrack.com\/wp-content\/uploads\/2024\/03\/RBA22-11.jpg\"data-width=\"1280\" data-height=\"854\" data-index=\"10\" data-elementor-open-lightbox=\"no\">\n\t\t\t\t\t\t\n\t\t\t\t\t\t<img decoding=\"async\" src=\"https:\/\/www.yurtrack.com\/wp-content\/uploads\/2024\/03\/RBA22-11.jpg\"alt=\"RBA22-11\">\n\t\t\t\t\t\t\t\t\t\t\t\t\t<\/a>\n\t\t\t\t\t\t\t\t\t\t\t<\/div>\n\t\t\t\t\t\t\t\t\t\t\t\t\t\t\t<div class=\"wd-gallery-item\">\n\t\t\t\t\t\t\t\t\t\t\t\t\t<a  href=\"https:\/\/www.yurtrack.com\/wp-content\/uploads\/2024\/03\/RBA22-2.jpg\"data-width=\"1280\" data-height=\"853\" data-index=\"11\" data-elementor-open-lightbox=\"no\">\n\t\t\t\t\t\t\n\t\t\t\t\t\t<img decoding=\"async\" src=\"https:\/\/www.yurtrack.com\/wp-content\/uploads\/2024\/03\/RBA22-2.jpg\"alt=\"RBA22-2\">\n\t\t\t\t\t\t\t\t\t\t\t\t\t<\/a>\n\t\t\t\t\t\t\t\t\t\t\t<\/div>\n\t\t\t\t\t\t\t\t<\/div>\n\t\t<\/div>\n\t\t\t\t\t\t<\/div>\n\t\t\t\t<\/div>\n\t\t\t\t\t<\/div>\n\t\t<\/div>\n\t\t\t\t\t<\/div>\n\t\t<\/section>\n\t\t\t\t<\/div>\n\t\t","protected":false},"excerpt":{"rendered":"<p>Nasze projektowanie i produkcja nadwozi ci\u0119\u017car\u00f3wek do transportu zwierz\u0105t gospodarskich i byd\u0142a zaspokajaj\u0105 potrzeby szerokiego kr\u0119gu klient\u00f3w zar\u00f3wno w Europie, jak i na poziomie mi\u0119dzynarodowym, co czyni Pezzaioli liderem w tej bran\u017cy. Pojazdy s\u0105 budowane przy u\u017cyciu system\u00f3w przemys\u0142owych, kt\u00f3re gwarantuj\u0105 wysoko zaawansowany technologicznie produkt z lekk\u0105 konstrukcj\u0105 wykonan\u0105 w ca\u0142o\u015bci z aluminium produkcji w\u0142oskiej.<\/p>\n","protected":false},"featured_media":18437,"template":"","meta":{"_monsterinsights_skip_tracking":false,"_monsterinsights_sitenote_active":false,"_monsterinsights_sitenote_note":"","_monsterinsights_sitenote_category":0},"product_brand":[],"product_cat":[143],"product_tag":[],"class_list":{"0":"post-18806","1":"product","2":"type-product","3":"status-publish","4":"has-post-thumbnail","6":"product_cat-naczepy-do-przewozu-zwierzat","8":"first","9":"instock","10":"shipping-taxable","11":"product-type-simple"},"_links":{"self":[{"href":"https:\/\/www.yurtrack.com\/pl\/wp-json\/wp\/v2\/product\/18806","targetHints":{"allow":["GET"]}}],"collection":[{"href":"https:\/\/www.yurtrack.com\/pl\/wp-json\/wp\/v2\/product"}],"about":[{"href":"https:\/\/www.yurtrack.com\/pl\/wp-json\/wp\/v2\/types\/product"}],"version-history":[{"count":8,"href":"https:\/\/www.yurtrack.com\/pl\/wp-json\/wp\/v2\/product\/18806\/revisions"}],"predecessor-version":[{"id":19196,"href":"https:\/\/www.yurtrack.com\/pl\/wp-json\/wp\/v2\/product\/18806\/revisions\/19196"}],"wp:featuredmedia":[{"embeddable":true,"href":"https:\/\/www.yurtrack.com\/pl\/wp-json\/wp\/v2\/media\/18437"}],"wp:attachment":[{"href":"https:\/\/www.yurtrack.com\/pl\/wp-json\/wp\/v2\/media?parent=18806"}],"wp:term":[{"taxonomy":"product_brand","embeddable":true,"href":"https:\/\/www.yurtrack.com\/pl\/wp-json\/wp\/v2\/product_brand?post=18806"},{"taxonomy":"product_cat","embeddable":true,"href":"https:\/\/www.yurtrack.com\/pl\/wp-json\/wp\/v2\/product_cat?post=18806"},{"taxonomy":"product_tag","embeddable":true,"href":"https:\/\/www.yurtrack.com\/pl\/wp-json\/wp\/v2\/product_tag?post=18806"}],"curies":[{"name":"wp","href":"https:\/\/api.w.org\/{rel}","templated":true}]}}